{"id":4872,"date":"2025-06-10T17:33:36","date_gmt":"2025-06-10T17:33:36","guid":{"rendered":"https:\/\/www.fleurdepo.litus.fr\/restaurants\/"},"modified":"2025-06-16T09:33:59","modified_gmt":"2025-06-16T09:33:59","slug":"restaurants","status":"publish","type":"page","link":"https:\/\/gite-afleurdepo.fr\/en\/restaurants\/","title":{"rendered":"Restaurants"},"content":{"rendered":"\t\t<div data-elementor-type=\"wp-page\" data-elementor-id=\"4872\" class=\"elementor elementor-4872 elementor-272\" data-elementor-post-type=\"page\">\n\t\t\t\t\t\t<section class=\"elementor-section elementor-top-section elementor-element elementor-element-a0df2a9 elementor-section-boxed elementor-section-height-default elementor-section-height-default\" data-id=\"a0df2a9\" data-element_type=\"section\" data-settings=\"{&quot;background_background&quot;:&quot;classic&quot;}\">\n\t\t\t\t\t\t\t<div class=\"elementor-background-overlay\"><\/div>\n\t\t\t\t\t\t\t<div class=\"elementor-container elementor-column-gap-default\">\n\t\t\t\t\t<div class=\"elementor-column elementor-col-100 elementor-top-column elementor-element elementor-element-50b559ba\" data-id=\"50b559ba\" data-element_type=\"column\">\n\t\t\t<div class=\"elementor-widget-wrap elementor-element-populated\">\n\t\t\t\t\t\t<div class=\"elementor-element elementor-element-50bc2fb3 elementor-widget elementor-widget-elementskit-heading\" data-id=\"50bc2fb3\" data-element_type=\"widget\" data-widget_type=\"elementskit-heading.default\">\n\t\t\t\t<div class=\"elementor-widget-container\">\n\t\t\t\t\t<div class=\"ekit-wid-con\" ><div class=\"ekit-heading elementskit-section-title-wraper text_center   ekit_heading_tablet-   ekit_heading_mobile-\"><h1 class=\"ekit-heading--title elementskit-section-title \">RESTAURANTS in Carnac<\/h1><\/div><\/div>\t\t\t\t<\/div>\n\t\t\t\t<\/div>\n\t\t\t\t<div class=\"elementor-element elementor-element-f7c0d2e elementor-widget elementor-widget-text-editor\" data-id=\"f7c0d2e\" data-element_type=\"widget\" data-widget_type=\"text-editor.default\">\n\t\t\t\t<div class=\"elementor-widget-container\">\n\t\t\t\t\t\t\t\t\t<p>The Best Restaurants in Carnac and Surrounding Areas \u2013 Our Recommendations<\/p>\t\t\t\t\t\t\t\t<\/div>\n\t\t\t\t<\/div>\n\t\t\t\t\t<\/div>\n\t\t<\/div>\n\t\t\t\t\t<\/div>\n\t\t<\/section>\n\t\t\t\t<section class=\"elementor-section elementor-top-section elementor-element elementor-element-7464f0fa elementor-section-boxed elementor-section-height-default elementor-section-height-default\" data-id=\"7464f0fa\" data-element_type=\"section\" data-settings=\"{&quot;background_background&quot;:&quot;classic&quot;}\">\n\t\t\t\t\t\t\t<div class=\"elementor-background-overlay\"><\/div>\n\t\t\t\t\t\t\t<div class=\"elementor-container elementor-column-gap-default\">\n\t\t\t\t\t<div class=\"elementor-column elementor-col-100 elementor-top-column elementor-element elementor-element-3882db4a\" data-id=\"3882db4a\" data-element_type=\"column\">\n\t\t\t<div class=\"elementor-widget-wrap elementor-element-populated\">\n\t\t\t\t\t\t<div class=\"elementor-element elementor-element-e1a46b7 elementor-widget elementor-widget-text-editor\" data-id=\"e1a46b7\" data-element_type=\"widget\" data-widget_type=\"text-editor.default\">\n\t\t\t\t<div class=\"elementor-widget-container\">\n\t\t\t\t\t\t\t\t\t<section class=\"restaurants-carnac\">\n  <h2>The Best Restaurants in Carnac and Surrounding Areas \u2013 our Recommendations<\/h2>\n  <p>\n Whether you&#8217;re a fan of traditional Breton cuisine, seafood, or fine dining, here is our selection of tested and approved restaurants around G\u00eetes \u00e0 Fleur de P\u00f4 in Carnac.\n  <\/p>\n\n  <article class=\"restaurant\">\n    <h3>Cr\u00eaperie Chez C\u00e9line \u2013 Galettes in the Heart of the Menhirs<\/h3>\n    <p><strong>Specialties:<\/strong> traditional Breton cr\u00eapes and galettes<\/p>\n    <p><strong>Setting:<\/strong> at the foot of the famous Carnac alignments<\/p>\n    <p><strong>Why we love it:<\/strong> warm atmosphere, local products, typical Breton experience<\/p>\n    <p><a href=\"https:\/\/maps.google.com\/?q=Cr%C3%AAperie+Chez+C%C3%A9line+Carnac\" target=\"_blank\">View directions on Google Maps<\/a><\/p>\n  <\/article>\n\n  <article class=\"restaurant\">\n    <h3>La Calypso \u2013 Wood-Fired Grilled Fish in P\u00f4<\/h3>\n    <p><strong>Specialties:<\/strong> grilled fish and seafood<\/p>\n    <p><strong>Setting:<\/strong> by the sea, in the P\u00f4 district<\/p>\n    <p><strong>Why we love it:<\/strong> wood-fired cooking, fresh products, friendly atmosphere<\/p>\n    <p><a href=\"https:\/\/maps.google.com\/?q=La+Calypso+Carnac\" target=\"_blank\">View directions on Google Maps<\/a><\/p>\n  <\/article>\n\n  <article class=\"restaurant\">\n    <h3>Granite \u2013 Creative Gastronomy at Affordable Prices<\/h3>\n    <p><strong>Specialties:<\/strong> innovative gourmet cuisine<\/p>\n    <p><strong>Setting:<\/strong> modern and intimate<\/p>\n    <p><strong>Why we love it:<\/strong> excellent value for money, meticulous presentation, culinary experience<\/p>\n    <p><a href=\"https:\/\/maps.google.com\/?q=Granite+Carnac\" target=\"_blank\">View directions on Google Maps<\/a><\/p>\n  <\/article>\n\n  <article class=\"restaurant\">\n    <h3>Le Sinko \u2013 Authentic Mussels  Fries<\/h3>\n    <p><strong>Specialties:<\/strong> mussels and fries, seafood<\/p>\n    <p><strong>Setting:<\/strong> simple and friendly<\/p>\n    <p><strong>Why we love it:<\/strong> homemade fries, tasty mussels, honest cooking<\/p>\n    <p><a href=\"https:\/\/maps.google.com\/?q=Le+Sinko+Carnac\" target=\"_blank\">View directions on Google Maps<\/a><\/p>\n  <\/article>\n\n  <article class=\"restaurant\">\n    <h3>La C\u00f4te \u2013 Gourmet Restaurant Among the Menhirs<\/h3>\n    <p><strong>Specialties:<\/strong> refined French cuisine, premium fish<\/p>\n    <p><strong>Setting:<\/strong> elegant, in the heart of the alignments<\/p>\n    <p><strong>Why we love it:<\/strong> sophisticated dishes, refined atmosphere, excellent wine list<\/p>\n    <p><a href=\"https:\/\/maps.google.com\/?q=Restaurant+La+C%C3%B4te+Carnac\" target=\"_blank\">View directions on Google Maps<\/a><\/p>\n  <\/article>\n\n  <article class=\"restaurant\">\n    <h3>Kreiz-an-Avel \u2013 Breton Specialties with Sea View<\/h3>\n    <p><strong>Specialties:<\/strong> kig ha farz, galettes, fish<\/p>\n    <p><strong>Setting:<\/strong> panoramic, ocean view<\/p>\n    <p><strong>Why we love it:<\/strong> local products, family recipes, seaside landscape<\/p>\n    <p><a href=\"https:\/\/maps.google.com\/?q=Kreiz-an-Avel+Carnac\" target=\"_blank\">View directions on Google Maps<\/a><\/p>\n  <\/article>\n\n  <article class=\"restaurant\">\n    <h3>Le Vivier \u2013 A Must-Visit on the Wild Coast<\/h3>\n    <p><strong>Specialties:<\/strong> seafood, lobster, whole fish<\/p>\n    <p><strong>Setting:<\/strong> exceptional, overlooking the ocean<\/p>\n    <p><strong>Why we love it:<\/strong> breathtaking view, quality products, iconic address in Carnac<\/p>\n    <p><a href=\"https:\/\/maps.google.com\/?q=Le+Vivier+Carnac\" target=\"_blank\">View directions on Google Maps<\/a><\/p>\n  <\/article>\n<\/section>\n\t\t\t\t\t\t\t\t<\/div>\n\t\t\t\t<\/div>\n\t\t\t\t\t<\/div>\n\t\t<\/div>\n\t\t\t\t\t<\/div>\n\t\t<\/section>\n\t\t\t\t<\/div>\n\t\t","protected":false},"excerpt":{"rendered":"<p>RESTAURANTS in Carnac The Best Restaurants in Carnac and Surrounding Areas \u2013 Our Recommendations The Best Restaurants in Carnac and Surrounding Areas \u2013 our Recommendations Whether you&#8217;re a fan of traditional Breton cuisine, seafood, or fine dining, here is our selection of tested and approved restaurants around G\u00eetes \u00e0 Fleur de P\u00f4 in Carnac. Cr\u00eaperie [&hellip;]<\/p>\n","protected":false},"author":1,"featured_media":0,"parent":0,"menu_order":0,"comment_status":"closed","ping_status":"closed","template":"elementor_header_footer","meta":{"footnotes":""},"class_list":["post-4872","page","type-page","status-publish","hentry"],"yoast_head":"<!-- This site is optimized with the Yoast SEO plugin v25.3 - https:\/\/yoast.com\/wordpress\/plugins\/seo\/ -->\n<title>Restaurants - G\u00eetes \u00e0 Carnac : \u00c0 Fleur de P\u00f4<\/title>\n<meta name=\"robots\" content=\"index, follow, max-snippet:-1, max-image-preview:large, max-video-preview:-1\" \/>\n<link rel=\"canonical\" href=\"https:\/\/gite-afleurdepo.fr\/en\/restaurants\/\" \/>\n<meta property=\"og:locale\" content=\"en_US\" \/>\n<meta property=\"og:type\" content=\"article\" \/>\n<meta property=\"og:title\" content=\"Restaurants - G\u00eetes \u00e0 Carnac : \u00c0 Fleur de P\u00f4\" \/>\n<meta property=\"og:description\" content=\"RESTAURANTS in Carnac The Best Restaurants in Carnac and Surrounding Areas \u2013 Our Recommendations The Best Restaurants in Carnac and Surrounding Areas \u2013 our Recommendations Whether you&#8217;re a fan of traditional Breton cuisine, seafood, or fine dining, here is our selection of tested and approved restaurants around G\u00eetes \u00e0 Fleur de P\u00f4 in Carnac. Cr\u00eaperie [&hellip;]\" \/>\n<meta property=\"og:url\" content=\"https:\/\/gite-afleurdepo.fr\/en\/restaurants\/\" \/>\n<meta property=\"og:site_name\" content=\"G\u00eetes \u00e0 Carnac : \u00c0 Fleur de P\u00f4\" \/>\n<meta property=\"article:modified_time\" content=\"2025-06-16T09:33:59+00:00\" \/>\n<meta property=\"og:image\" content=\"https:\/\/gite-afleurdepo.fr\/wp-content\/uploads\/2025\/06\/gites-a-fleur-de-PO-bretagne-Carnac-Quiberon-1.jpeg\" \/>\n\t<meta property=\"og:image:width\" content=\"1280\" \/>\n\t<meta property=\"og:image:height\" content=\"853\" \/>\n\t<meta property=\"og:image:type\" content=\"image\/jpeg\" \/>\n<meta name=\"twitter:card\" content=\"summary_large_image\" \/>\n<meta name=\"twitter:label1\" content=\"Est. reading time\" \/>\n\t<meta name=\"twitter:data1\" content=\"1 minute\" \/>\n<script type=\"application\/ld+json\" class=\"yoast-schema-graph\">{\"@context\":\"https:\/\/schema.org\",\"@graph\":[{\"@type\":\"WebPage\",\"@id\":\"https:\/\/gite-afleurdepo.fr\/en\/restaurants\/\",\"url\":\"https:\/\/gite-afleurdepo.fr\/en\/restaurants\/\",\"name\":\"Restaurants - G\u00eetes \u00e0 Carnac : \u00c0 Fleur de P\u00f4\",\"isPartOf\":{\"@id\":\"https:\/\/gite-afleurdepo.fr\/en\/#website\"},\"datePublished\":\"2025-06-10T17:33:36+00:00\",\"dateModified\":\"2025-06-16T09:33:59+00:00\",\"breadcrumb\":{\"@id\":\"https:\/\/gite-afleurdepo.fr\/en\/restaurants\/#breadcrumb\"},\"inLanguage\":\"en-US\",\"potentialAction\":[{\"@type\":\"ReadAction\",\"target\":[\"https:\/\/gite-afleurdepo.fr\/en\/restaurants\/\"]}]},{\"@type\":\"BreadcrumbList\",\"@id\":\"https:\/\/gite-afleurdepo.fr\/en\/restaurants\/#breadcrumb\",\"itemListElement\":[{\"@type\":\"ListItem\",\"position\":1,\"name\":\"Accueil\",\"item\":\"https:\/\/gite-afleurdepo.fr\/en\/\"},{\"@type\":\"ListItem\",\"position\":2,\"name\":\"Restaurants\"}]},{\"@type\":\"WebSite\",\"@id\":\"https:\/\/gite-afleurdepo.fr\/en\/#website\",\"url\":\"https:\/\/gite-afleurdepo.fr\/en\/\",\"name\":\"G\u00eetes \u00e0 Carnac : A Fleur De Po\",\"description\":\"Location Carnac vue mer\",\"publisher\":{\"@id\":\"https:\/\/gite-afleurdepo.fr\/en\/#organization\"},\"potentialAction\":[{\"@type\":\"SearchAction\",\"target\":{\"@type\":\"EntryPoint\",\"urlTemplate\":\"https:\/\/gite-afleurdepo.fr\/en\/?s={search_term_string}\"},\"query-input\":{\"@type\":\"PropertyValueSpecification\",\"valueRequired\":true,\"valueName\":\"search_term_string\"}}],\"inLanguage\":\"en-US\"},{\"@type\":\"Organization\",\"@id\":\"https:\/\/gite-afleurdepo.fr\/en\/#organization\",\"name\":\"A Fleur De Po\",\"url\":\"https:\/\/gite-afleurdepo.fr\/en\/\",\"logo\":{\"@type\":\"ImageObject\",\"inLanguage\":\"en-US\",\"@id\":\"https:\/\/gite-afleurdepo.fr\/en\/#\/schema\/logo\/image\/\",\"url\":\"https:\/\/gite-afleurdepo.fr\/wp-content\/uploads\/2025\/05\/fleur-de-po-logo.png\",\"contentUrl\":\"https:\/\/gite-afleurdepo.fr\/wp-content\/uploads\/2025\/05\/fleur-de-po-logo.png\",\"width\":1024,\"height\":1024,\"caption\":\"A Fleur De Po\"},\"image\":{\"@id\":\"https:\/\/gite-afleurdepo.fr\/en\/#\/schema\/logo\/image\/\"}}]}<\/script>\n<!-- \/ Yoast SEO plugin. -->","yoast_head_json":{"title":"Restaurants - G\u00eetes \u00e0 Carnac : \u00c0 Fleur de P\u00f4","robots":{"index":"index","follow":"follow","max-snippet":"max-snippet:-1","max-image-preview":"max-image-preview:large","max-video-preview":"max-video-preview:-1"},"canonical":"https:\/\/gite-afleurdepo.fr\/en\/restaurants\/","og_locale":"en_US","og_type":"article","og_title":"Restaurants - G\u00eetes \u00e0 Carnac : \u00c0 Fleur de P\u00f4","og_description":"RESTAURANTS in Carnac The Best Restaurants in Carnac and Surrounding Areas \u2013 Our Recommendations The Best Restaurants in Carnac and Surrounding Areas \u2013 our Recommendations Whether you&#8217;re a fan of traditional Breton cuisine, seafood, or fine dining, here is our selection of tested and approved restaurants around G\u00eetes \u00e0 Fleur de P\u00f4 in Carnac. Cr\u00eaperie [&hellip;]","og_url":"https:\/\/gite-afleurdepo.fr\/en\/restaurants\/","og_site_name":"G\u00eetes \u00e0 Carnac : \u00c0 Fleur de P\u00f4","article_modified_time":"2025-06-16T09:33:59+00:00","og_image":[{"width":1280,"height":853,"url":"https:\/\/gite-afleurdepo.fr\/wp-content\/uploads\/2025\/06\/gites-a-fleur-de-PO-bretagne-Carnac-Quiberon-1.jpeg","type":"image\/jpeg"}],"twitter_card":"summary_large_image","twitter_misc":{"Est. reading time":"1 minute"},"schema":{"@context":"https:\/\/schema.org","@graph":[{"@type":"WebPage","@id":"https:\/\/gite-afleurdepo.fr\/en\/restaurants\/","url":"https:\/\/gite-afleurdepo.fr\/en\/restaurants\/","name":"Restaurants - G\u00eetes \u00e0 Carnac : \u00c0 Fleur de P\u00f4","isPartOf":{"@id":"https:\/\/gite-afleurdepo.fr\/en\/#website"},"datePublished":"2025-06-10T17:33:36+00:00","dateModified":"2025-06-16T09:33:59+00:00","breadcrumb":{"@id":"https:\/\/gite-afleurdepo.fr\/en\/restaurants\/#breadcrumb"},"inLanguage":"en-US","potentialAction":[{"@type":"ReadAction","target":["https:\/\/gite-afleurdepo.fr\/en\/restaurants\/"]}]},{"@type":"BreadcrumbList","@id":"https:\/\/gite-afleurdepo.fr\/en\/restaurants\/#breadcrumb","itemListElement":[{"@type":"ListItem","position":1,"name":"Accueil","item":"https:\/\/gite-afleurdepo.fr\/en\/"},{"@type":"ListItem","position":2,"name":"Restaurants"}]},{"@type":"WebSite","@id":"https:\/\/gite-afleurdepo.fr\/en\/#website","url":"https:\/\/gite-afleurdepo.fr\/en\/","name":"G\u00eetes \u00e0 Carnac : A Fleur De Po","description":"Location Carnac vue mer","publisher":{"@id":"https:\/\/gite-afleurdepo.fr\/en\/#organization"},"potentialAction":[{"@type":"SearchAction","target":{"@type":"EntryPoint","urlTemplate":"https:\/\/gite-afleurdepo.fr\/en\/?s={search_term_string}"},"query-input":{"@type":"PropertyValueSpecification","valueRequired":true,"valueName":"search_term_string"}}],"inLanguage":"en-US"},{"@type":"Organization","@id":"https:\/\/gite-afleurdepo.fr\/en\/#organization","name":"A Fleur De Po","url":"https:\/\/gite-afleurdepo.fr\/en\/","logo":{"@type":"ImageObject","inLanguage":"en-US","@id":"https:\/\/gite-afleurdepo.fr\/en\/#\/schema\/logo\/image\/","url":"https:\/\/gite-afleurdepo.fr\/wp-content\/uploads\/2025\/05\/fleur-de-po-logo.png","contentUrl":"https:\/\/gite-afleurdepo.fr\/wp-content\/uploads\/2025\/05\/fleur-de-po-logo.png","width":1024,"height":1024,"caption":"A Fleur De Po"},"image":{"@id":"https:\/\/gite-afleurdepo.fr\/en\/#\/schema\/logo\/image\/"}}]}},"_links":{"self":[{"href":"https:\/\/gite-afleurdepo.fr\/en\/wp-json\/wp\/v2\/pages\/4872","targetHints":{"allow":["GET"]}}],"collection":[{"href":"https:\/\/gite-afleurdepo.fr\/en\/wp-json\/wp\/v2\/pages"}],"about":[{"href":"https:\/\/gite-afleurdepo.fr\/en\/wp-json\/wp\/v2\/types\/page"}],"author":[{"embeddable":true,"href":"https:\/\/gite-afleurdepo.fr\/en\/wp-json\/wp\/v2\/users\/1"}],"replies":[{"embeddable":true,"href":"https:\/\/gite-afleurdepo.fr\/en\/wp-json\/wp\/v2\/comments?post=4872"}],"version-history":[{"count":1,"href":"https:\/\/gite-afleurdepo.fr\/en\/wp-json\/wp\/v2\/pages\/4872\/revisions"}],"predecessor-version":[{"id":4873,"href":"https:\/\/gite-afleurdepo.fr\/en\/wp-json\/wp\/v2\/pages\/4872\/revisions\/4873"}],"wp:attachment":[{"href":"https:\/\/gite-afleurdepo.fr\/en\/wp-json\/wp\/v2\/media?parent=4872"}],"curies":[{"name":"wp","href":"https:\/\/api.w.org\/{rel}","templated":true}]}}