{"id":4870,"date":"2025-06-10T18:05:17","date_gmt":"2025-06-10T18:05:17","guid":{"rendered":"https:\/\/www.fleurdepo.litus.fr\/our-top-picks\/"},"modified":"2025-06-16T09:33:59","modified_gmt":"2025-06-16T09:33:59","slug":"our-top-picks","status":"publish","type":"page","link":"https:\/\/gite-afleurdepo.fr\/en\/our-top-picks\/","title":{"rendered":"Our Top Picks"},"content":{"rendered":"\t\t<div data-elementor-type=\"wp-page\" data-elementor-id=\"4870\" class=\"elementor elementor-4870 elementor-307\" data-elementor-post-type=\"page\">\n\t\t\t\t\t\t<section class=\"elementor-section elementor-top-section elementor-element elementor-element-2bec8422 elementor-section-boxed elementor-section-height-default elementor-section-height-default\" data-id=\"2bec8422\" data-element_type=\"section\" data-settings=\"{&quot;background_background&quot;:&quot;classic&quot;}\">\n\t\t\t\t\t\t\t<div class=\"elementor-background-overlay\"><\/div>\n\t\t\t\t\t\t\t<div class=\"elementor-container elementor-column-gap-default\">\n\t\t\t\t\t<div class=\"elementor-column elementor-col-100 elementor-top-column elementor-element elementor-element-40db716\" data-id=\"40db716\" data-element_type=\"column\">\n\t\t\t<div class=\"elementor-widget-wrap elementor-element-populated\">\n\t\t\t\t\t\t<div class=\"elementor-element elementor-element-113f0ec5 elementor-widget elementor-widget-elementskit-heading\" data-id=\"113f0ec5\" data-element_type=\"widget\" data-widget_type=\"elementskit-heading.default\">\n\t\t\t\t<div class=\"elementor-widget-container\">\n\t\t\t\t\t<div class=\"ekit-wid-con\" ><div class=\"ekit-heading elementskit-section-title-wraper text_center   ekit_heading_tablet-   ekit_heading_mobile-\"><h1 class=\"ekit-heading--title elementskit-section-title \">Our Top Picks<\/h1><\/div><\/div>\t\t\t\t<\/div>\n\t\t\t\t<\/div>\n\t\t\t\t<div class=\"elementor-element elementor-element-63bdd4d2 elementor-widget elementor-widget-text-editor\" data-id=\"63bdd4d2\" data-element_type=\"widget\" data-widget_type=\"text-editor.default\">\n\t\t\t\t<div class=\"elementor-widget-container\">\n\t\t\t\t\t\t\t\t\t<p>Great Spots in Carnac  Surroundings<\/p>\t\t\t\t\t\t\t\t<\/div>\n\t\t\t\t<\/div>\n\t\t\t\t\t<\/div>\n\t\t<\/div>\n\t\t\t\t\t<\/div>\n\t\t<\/section>\n\t\t<div class=\"elementor-element elementor-element-79ea08e e-flex e-con-boxed e-con e-parent\" data-id=\"79ea08e\" data-element_type=\"container\">\n\t\t\t\t\t<div class=\"e-con-inner\">\n\t\t\t\t<div class=\"elementor-element elementor-element-073b72a elementor-widget elementor-widget-text-editor\" data-id=\"073b72a\" data-element_type=\"widget\" data-widget_type=\"text-editor.default\">\n\t\t\t\t<div class=\"elementor-widget-container\">\n\t\t\t\t\t\t\t\t\t<section style=\"padding: 40px 20px; max-width: 1100px; margin: auto;\">\n\n  <p style=\"font-size: 26px; font-weight: 700; margin-bottom: 20px; color: #1a1a1a;\">\n For food lovers, here&#8217;s a selection of our favorite places\n  <\/p>\n\n\n\n  <p style=\"font-size: 22px; font-weight: 600; margin-top: 30px; margin-bottom: 10px;\">Po Oysters<\/p>\n  <p style=\"font-size: 18px; line-height: 1.6; color: #333;\">\n Taste <strong>local oysters<\/strong> directly from the Po oyster farmers: Tibidy, Congratelle, Le Priol, Sylvain Marion, Stephan oysters&#8230; The Po Route offers a wide selection just a few minutes&#8217; walk away. \n  <\/p>\n\n  <p style=\"font-size: 22px; font-weight: 600; margin-top: 30px; margin-bottom: 10px;\">Breton Culinary Specialties<\/p>\n  <p style=\"font-size: 18px; line-height: 1.6; color: #333;\">\n Crepes, salted butter caramel, cider, seafood: <strong>Breton cuisine<\/strong> is generous and convivial.\n  <\/p>\n  <ul style=\"padding-left: 20px; font-size: 18px; line-height: 1.6; color: #333;\">\n    <li><strong>Seafood<\/strong>: the canneries <strong>La Belle-\u00celoise<\/strong> (Belle-\u00cele) and <strong>La Quiberonnaise<\/strong> (Quiberon) offer rillettes, soups, and collector&#8217;s tins available for purchase on-site or in shops.<\/li>\n    <li><strong>Local sweets<\/strong>: salted butter caramels, <strong>salidou<\/strong>, <strong>niniches<\/strong> at <strong>Maison d&#8217;Armorine<\/strong> in Quiberon.<\/li>\n    <li><strong>Artisanal biscuit makers<\/strong>: shortbread, <strong>kouign-amann<\/strong>, palets, Breton fars at Simon (Plouharnel), Robic (Erdeven) and les Menhirs.<\/li>\n    <li><strong>Ambryzel<\/strong> in the center of Carnac: fine confectionery and poetic grocery store (old-fashioned candies, nougats, organic dried fruits, artisanal chocolates&#8230;).<\/li>\n  <\/ul>\n\n  <p style=\"font-size: 22px; font-weight: 600; margin-top: 30px; margin-bottom: 10px;\">Fresh Produce<\/p>\n  <ul style=\"padding-left: 20px; font-size: 18px; line-height: 1.6; color: #333;\">\n    <li><strong>Pleine Campagne<\/strong> (near Auray): direct sale of meat, vegetables, and cheese from local farmers.<\/li>\n    <li><strong>Le Petit Potager<\/strong> at Po: hand-picked seasonal vegetables, guaranteed freshness.<\/li>\n  <\/ul>\n\n  <p style=\"font-size: 22px; font-weight: 600; margin-top: 30px; margin-bottom: 10px;\">The markets<\/p>\n  <ul style=\"padding-left: 20px; font-size: 18px; line-height: 1.6; color: #333;\">\n    <li><strong>Carnac<\/strong>: Wednesday and Sunday mornings. In summer, night market on Thursdays. <\/li>\n    <li><strong>La Trinit\u00e9-sur-Mer<\/strong>: Tuesday and Friday mornings.<\/li>\n    <li><strong>Auray<\/strong>: Monday morning (large market), Friday afternoon (organic market).<\/li>\n    <li><strong>Locmariaquer<\/strong>: Tuesday mornings.<\/li>\n  <\/ul>\n\n<\/section>\n\t\t\t\t\t\t\t\t<\/div>\n\t\t\t\t<\/div>\n\t\t\t\t\t<\/div>\n\t\t\t\t<\/div>\n\t\t<div class=\"elementor-element elementor-element-58c7efb e-flex e-con-boxed e-con e-parent\" data-id=\"58c7efb\" data-element_type=\"container\">\n\t\t\t\t\t<div class=\"e-con-inner\">\n\t\t\t\t<div class=\"elementor-element elementor-element-9138ff2 elementor-widget elementor-widget-image\" data-id=\"9138ff2\" data-element_type=\"widget\" data-widget_type=\"image.default\">\n\t\t\t\t<div class=\"elementor-widget-container\">\n\t\t\t\t\t\t\t\t\t\t\t\t\t\t\t<img fetchpriority=\"high\" decoding=\"async\" width=\"341\" height=\"300\" src=\"https:\/\/gite-afleurdepo.fr\/wp-content\/uploads\/2025\/06\/bons-plans-carnac.png\" class=\"attachment-large size-large wp-image-4551\" alt=\"\" srcset=\"https:\/\/gite-afleurdepo.fr\/wp-content\/uploads\/2025\/06\/bons-plans-carnac.png 341w, https:\/\/gite-afleurdepo.fr\/wp-content\/uploads\/2025\/06\/bons-plans-carnac-300x264.png 300w\" sizes=\"(max-width: 341px) 100vw, 341px\" \/>\t\t\t\t\t\t\t\t\t\t\t\t\t\t\t<\/div>\n\t\t\t\t<\/div>\n\t\t\t\t\t<\/div>\n\t\t\t\t<\/div>\n\t\t\t\t<\/div>\n\t\t","protected":false},"excerpt":{"rendered":"<p>Our Top Picks Great Spots in Carnac Surroundings For food lovers, here&#8217;s a selection of our favorite places Po Oysters Taste local oysters directly from the Po oyster farmers: Tibidy, Congratelle, Le Priol, Sylvain Marion, Stephan oysters&#8230; The Po Route offers a wide selection just a few minutes&#8217; walk away. Breton Culinary Specialties Crepes, salted [&hellip;]<\/p>\n","protected":false},"author":1,"featured_media":0,"parent":0,"menu_order":0,"comment_status":"closed","ping_status":"closed","template":"elementor_header_footer","meta":{"footnotes":""},"class_list":["post-4870","page","type-page","status-publish","hentry"],"yoast_head":"<!-- This site is optimized with the Yoast SEO plugin v25.3 - https:\/\/yoast.com\/wordpress\/plugins\/seo\/ -->\n<title>Our Top Picks - G\u00eetes \u00e0 Carnac : \u00c0 Fleur de P\u00f4<\/title>\n<meta name=\"robots\" content=\"index, follow, max-snippet:-1, max-image-preview:large, max-video-preview:-1\" \/>\n<link rel=\"canonical\" href=\"https:\/\/gite-afleurdepo.fr\/en\/our-top-picks\/\" \/>\n<meta property=\"og:locale\" content=\"en_US\" \/>\n<meta property=\"og:type\" content=\"article\" \/>\n<meta property=\"og:title\" content=\"Our Top Picks - G\u00eetes \u00e0 Carnac : \u00c0 Fleur de P\u00f4\" \/>\n<meta property=\"og:description\" content=\"Our Top Picks Great Spots in Carnac Surroundings For food lovers, here&#8217;s a selection of our favorite places Po Oysters Taste local oysters directly from the Po oyster farmers: Tibidy, Congratelle, Le Priol, Sylvain Marion, Stephan oysters&#8230; The Po Route offers a wide selection just a few minutes&#8217; walk away. Breton Culinary Specialties Crepes, salted [&hellip;]\" \/>\n<meta property=\"og:url\" content=\"https:\/\/gite-afleurdepo.fr\/en\/our-top-picks\/\" \/>\n<meta property=\"og:site_name\" content=\"G\u00eetes \u00e0 Carnac : \u00c0 Fleur de P\u00f4\" \/>\n<meta property=\"article:modified_time\" content=\"2025-06-16T09:33:59+00:00\" \/>\n<meta property=\"og:image\" content=\"https:\/\/gite-afleurdepo.fr\/wp-content\/uploads\/2025\/06\/bons-plans-carnac.png\" \/>\n\t<meta property=\"og:image:width\" content=\"341\" \/>\n\t<meta property=\"og:image:height\" content=\"300\" \/>\n\t<meta property=\"og:image:type\" content=\"image\/png\" \/>\n<meta name=\"twitter:card\" content=\"summary_large_image\" \/>\n<meta name=\"twitter:label1\" content=\"Est. reading time\" \/>\n\t<meta name=\"twitter:data1\" content=\"1 minute\" \/>\n<script type=\"application\/ld+json\" class=\"yoast-schema-graph\">{\"@context\":\"https:\/\/schema.org\",\"@graph\":[{\"@type\":\"WebPage\",\"@id\":\"https:\/\/gite-afleurdepo.fr\/en\/our-top-picks\/\",\"url\":\"https:\/\/gite-afleurdepo.fr\/en\/our-top-picks\/\",\"name\":\"Our Top Picks - G\u00eetes \u00e0 Carnac : \u00c0 Fleur de P\u00f4\",\"isPartOf\":{\"@id\":\"https:\/\/gite-afleurdepo.fr\/en\/#website\"},\"primaryImageOfPage\":{\"@id\":\"https:\/\/gite-afleurdepo.fr\/en\/our-top-picks\/#primaryimage\"},\"image\":{\"@id\":\"https:\/\/gite-afleurdepo.fr\/en\/our-top-picks\/#primaryimage\"},\"thumbnailUrl\":\"https:\/\/gite-afleurdepo.fr\/wp-content\/uploads\/2025\/06\/bons-plans-carnac.png\",\"datePublished\":\"2025-06-10T18:05:17+00:00\",\"dateModified\":\"2025-06-16T09:33:59+00:00\",\"breadcrumb\":{\"@id\":\"https:\/\/gite-afleurdepo.fr\/en\/our-top-picks\/#breadcrumb\"},\"inLanguage\":\"en-US\",\"potentialAction\":[{\"@type\":\"ReadAction\",\"target\":[\"https:\/\/gite-afleurdepo.fr\/en\/our-top-picks\/\"]}]},{\"@type\":\"ImageObject\",\"inLanguage\":\"en-US\",\"@id\":\"https:\/\/gite-afleurdepo.fr\/en\/our-top-picks\/#primaryimage\",\"url\":\"https:\/\/gite-afleurdepo.fr\/wp-content\/uploads\/2025\/06\/bons-plans-carnac.png\",\"contentUrl\":\"https:\/\/gite-afleurdepo.fr\/wp-content\/uploads\/2025\/06\/bons-plans-carnac.png\"},{\"@type\":\"BreadcrumbList\",\"@id\":\"https:\/\/gite-afleurdepo.fr\/en\/our-top-picks\/#breadcrumb\",\"itemListElement\":[{\"@type\":\"ListItem\",\"position\":1,\"name\":\"Accueil\",\"item\":\"https:\/\/gite-afleurdepo.fr\/en\/\"},{\"@type\":\"ListItem\",\"position\":2,\"name\":\"Our Top Picks\"}]},{\"@type\":\"WebSite\",\"@id\":\"https:\/\/gite-afleurdepo.fr\/en\/#website\",\"url\":\"https:\/\/gite-afleurdepo.fr\/en\/\",\"name\":\"G\u00eetes \u00e0 Carnac : A Fleur De Po\",\"description\":\"Location Carnac vue mer\",\"publisher\":{\"@id\":\"https:\/\/gite-afleurdepo.fr\/en\/#organization\"},\"potentialAction\":[{\"@type\":\"SearchAction\",\"target\":{\"@type\":\"EntryPoint\",\"urlTemplate\":\"https:\/\/gite-afleurdepo.fr\/en\/?s={search_term_string}\"},\"query-input\":{\"@type\":\"PropertyValueSpecification\",\"valueRequired\":true,\"valueName\":\"search_term_string\"}}],\"inLanguage\":\"en-US\"},{\"@type\":\"Organization\",\"@id\":\"https:\/\/gite-afleurdepo.fr\/en\/#organization\",\"name\":\"A Fleur De Po\",\"url\":\"https:\/\/gite-afleurdepo.fr\/en\/\",\"logo\":{\"@type\":\"ImageObject\",\"inLanguage\":\"en-US\",\"@id\":\"https:\/\/gite-afleurdepo.fr\/en\/#\/schema\/logo\/image\/\",\"url\":\"https:\/\/gite-afleurdepo.fr\/wp-content\/uploads\/2025\/05\/fleur-de-po-logo.png\",\"contentUrl\":\"https:\/\/gite-afleurdepo.fr\/wp-content\/uploads\/2025\/05\/fleur-de-po-logo.png\",\"width\":1024,\"height\":1024,\"caption\":\"A Fleur De Po\"},\"image\":{\"@id\":\"https:\/\/gite-afleurdepo.fr\/en\/#\/schema\/logo\/image\/\"}}]}<\/script>\n<!-- \/ Yoast SEO plugin. -->","yoast_head_json":{"title":"Our Top Picks - G\u00eetes \u00e0 Carnac : \u00c0 Fleur de P\u00f4","robots":{"index":"index","follow":"follow","max-snippet":"max-snippet:-1","max-image-preview":"max-image-preview:large","max-video-preview":"max-video-preview:-1"},"canonical":"https:\/\/gite-afleurdepo.fr\/en\/our-top-picks\/","og_locale":"en_US","og_type":"article","og_title":"Our Top Picks - G\u00eetes \u00e0 Carnac : \u00c0 Fleur de P\u00f4","og_description":"Our Top Picks Great Spots in Carnac Surroundings For food lovers, here&#8217;s a selection of our favorite places Po Oysters Taste local oysters directly from the Po oyster farmers: Tibidy, Congratelle, Le Priol, Sylvain Marion, Stephan oysters&#8230; The Po Route offers a wide selection just a few minutes&#8217; walk away. Breton Culinary Specialties Crepes, salted [&hellip;]","og_url":"https:\/\/gite-afleurdepo.fr\/en\/our-top-picks\/","og_site_name":"G\u00eetes \u00e0 Carnac : \u00c0 Fleur de P\u00f4","article_modified_time":"2025-06-16T09:33:59+00:00","og_image":[{"width":341,"height":300,"url":"https:\/\/gite-afleurdepo.fr\/wp-content\/uploads\/2025\/06\/bons-plans-carnac.png","type":"image\/png"}],"twitter_card":"summary_large_image","twitter_misc":{"Est. reading time":"1 minute"},"schema":{"@context":"https:\/\/schema.org","@graph":[{"@type":"WebPage","@id":"https:\/\/gite-afleurdepo.fr\/en\/our-top-picks\/","url":"https:\/\/gite-afleurdepo.fr\/en\/our-top-picks\/","name":"Our Top Picks - G\u00eetes \u00e0 Carnac : \u00c0 Fleur de P\u00f4","isPartOf":{"@id":"https:\/\/gite-afleurdepo.fr\/en\/#website"},"primaryImageOfPage":{"@id":"https:\/\/gite-afleurdepo.fr\/en\/our-top-picks\/#primaryimage"},"image":{"@id":"https:\/\/gite-afleurdepo.fr\/en\/our-top-picks\/#primaryimage"},"thumbnailUrl":"https:\/\/gite-afleurdepo.fr\/wp-content\/uploads\/2025\/06\/bons-plans-carnac.png","datePublished":"2025-06-10T18:05:17+00:00","dateModified":"2025-06-16T09:33:59+00:00","breadcrumb":{"@id":"https:\/\/gite-afleurdepo.fr\/en\/our-top-picks\/#breadcrumb"},"inLanguage":"en-US","potentialAction":[{"@type":"ReadAction","target":["https:\/\/gite-afleurdepo.fr\/en\/our-top-picks\/"]}]},{"@type":"ImageObject","inLanguage":"en-US","@id":"https:\/\/gite-afleurdepo.fr\/en\/our-top-picks\/#primaryimage","url":"https:\/\/gite-afleurdepo.fr\/wp-content\/uploads\/2025\/06\/bons-plans-carnac.png","contentUrl":"https:\/\/gite-afleurdepo.fr\/wp-content\/uploads\/2025\/06\/bons-plans-carnac.png"},{"@type":"BreadcrumbList","@id":"https:\/\/gite-afleurdepo.fr\/en\/our-top-picks\/#breadcrumb","itemListElement":[{"@type":"ListItem","position":1,"name":"Accueil","item":"https:\/\/gite-afleurdepo.fr\/en\/"},{"@type":"ListItem","position":2,"name":"Our Top Picks"}]},{"@type":"WebSite","@id":"https:\/\/gite-afleurdepo.fr\/en\/#website","url":"https:\/\/gite-afleurdepo.fr\/en\/","name":"G\u00eetes \u00e0 Carnac : A Fleur De Po","description":"Location Carnac vue mer","publisher":{"@id":"https:\/\/gite-afleurdepo.fr\/en\/#organization"},"potentialAction":[{"@type":"SearchAction","target":{"@type":"EntryPoint","urlTemplate":"https:\/\/gite-afleurdepo.fr\/en\/?s={search_term_string}"},"query-input":{"@type":"PropertyValueSpecification","valueRequired":true,"valueName":"search_term_string"}}],"inLanguage":"en-US"},{"@type":"Organization","@id":"https:\/\/gite-afleurdepo.fr\/en\/#organization","name":"A Fleur De Po","url":"https:\/\/gite-afleurdepo.fr\/en\/","logo":{"@type":"ImageObject","inLanguage":"en-US","@id":"https:\/\/gite-afleurdepo.fr\/en\/#\/schema\/logo\/image\/","url":"https:\/\/gite-afleurdepo.fr\/wp-content\/uploads\/2025\/05\/fleur-de-po-logo.png","contentUrl":"https:\/\/gite-afleurdepo.fr\/wp-content\/uploads\/2025\/05\/fleur-de-po-logo.png","width":1024,"height":1024,"caption":"A Fleur De Po"},"image":{"@id":"https:\/\/gite-afleurdepo.fr\/en\/#\/schema\/logo\/image\/"}}]}},"_links":{"self":[{"href":"https:\/\/gite-afleurdepo.fr\/en\/wp-json\/wp\/v2\/pages\/4870","targetHints":{"allow":["GET"]}}],"collection":[{"href":"https:\/\/gite-afleurdepo.fr\/en\/wp-json\/wp\/v2\/pages"}],"about":[{"href":"https:\/\/gite-afleurdepo.fr\/en\/wp-json\/wp\/v2\/types\/page"}],"author":[{"embeddable":true,"href":"https:\/\/gite-afleurdepo.fr\/en\/wp-json\/wp\/v2\/users\/1"}],"replies":[{"embeddable":true,"href":"https:\/\/gite-afleurdepo.fr\/en\/wp-json\/wp\/v2\/comments?post=4870"}],"version-history":[{"count":1,"href":"https:\/\/gite-afleurdepo.fr\/en\/wp-json\/wp\/v2\/pages\/4870\/revisions"}],"predecessor-version":[{"id":4871,"href":"https:\/\/gite-afleurdepo.fr\/en\/wp-json\/wp\/v2\/pages\/4870\/revisions\/4871"}],"wp:attachment":[{"href":"https:\/\/gite-afleurdepo.fr\/en\/wp-json\/wp\/v2\/media?parent=4870"}],"curies":[{"name":"wp","href":"https:\/\/api.w.org\/{rel}","templated":true}]}}