{"id":4817,"date":"2025-06-10T17:08:32","date_gmt":"2025-06-10T17:08:32","guid":{"rendered":"https:\/\/www.fleurdepo.litus.fr\/prices\/"},"modified":"2025-06-14T16:06:13","modified_gmt":"2025-06-14T16:06:13","slug":"prices","status":"publish","type":"page","link":"https:\/\/gite-afleurdepo.fr\/en\/prices\/","title":{"rendered":"Rates and availability"},"content":{"rendered":"\t\t<div data-elementor-type=\"wp-page\" data-elementor-id=\"4817\" class=\"elementor elementor-4817 elementor-252\" data-elementor-post-type=\"page\">\n\t\t\t\t\t\t<section class=\"elementor-section elementor-top-section elementor-element elementor-element-3651bb93 elementor-section-boxed elementor-section-height-default elementor-section-height-default\" data-id=\"3651bb93\" data-element_type=\"section\" data-settings=\"{&quot;background_background&quot;:&quot;classic&quot;}\">\n\t\t\t\t\t\t\t<div class=\"elementor-background-overlay\"><\/div>\n\t\t\t\t\t\t\t<div class=\"elementor-container elementor-column-gap-default\">\n\t\t\t\t\t<div class=\"elementor-column elementor-col-100 elementor-top-column elementor-element elementor-element-10d9cfa5\" data-id=\"10d9cfa5\" data-element_type=\"column\">\n\t\t\t<div class=\"elementor-widget-wrap elementor-element-populated\">\n\t\t\t\t\t\t<div class=\"elementor-element elementor-element-4175d646 elementor-widget elementor-widget-elementskit-heading\" data-id=\"4175d646\" data-element_type=\"widget\" data-widget_type=\"elementskit-heading.default\">\n\t\t\t\t<div class=\"elementor-widget-container\">\n\t\t\t\t\t<div class=\"ekit-wid-con\" ><div class=\"ekit-heading elementskit-section-title-wraper text_center   ekit_heading_tablet-   ekit_heading_mobile-\"><h1 class=\"ekit-heading--title elementskit-section-title \">Accommodation Rates and Booking Information<\/h1><\/div><\/div>\t\t\t\t<\/div>\n\t\t\t\t<\/div>\n\t\t\t\t<div class=\"elementor-element elementor-element-2788b7c3 elementor-widget elementor-widget-text-editor\" data-id=\"2788b7c3\" data-element_type=\"widget\" data-widget_type=\"text-editor.default\">\n\t\t\t\t<div class=\"elementor-widget-container\">\n\t\t\t\t\t\t\t\t\t<p>Prices and availability of our G\u00eetes<\/p><p>Book your G\u00eetes directly<\/p>\t\t\t\t\t\t\t\t<\/div>\n\t\t\t\t<\/div>\n\t\t\t\t\t<\/div>\n\t\t<\/div>\n\t\t\t\t\t<\/div>\n\t\t<\/section>\n\t\t\t\t<section class=\"elementor-section elementor-top-section elementor-element elementor-element-1005a745 elementor-section-boxed elementor-section-height-default elementor-section-height-default\" data-id=\"1005a745\" data-element_type=\"section\" data-settings=\"{&quot;background_background&quot;:&quot;classic&quot;}\">\n\t\t\t\t\t\t\t<div class=\"elementor-background-overlay\"><\/div>\n\t\t\t\t\t\t\t<div class=\"elementor-container elementor-column-gap-default\">\n\t\t\t\t\t<div class=\"elementor-column elementor-col-100 elementor-top-column elementor-element elementor-element-7e14d263\" data-id=\"7e14d263\" data-element_type=\"column\">\n\t\t\t<div class=\"elementor-widget-wrap elementor-element-populated\">\n\t\t\t\t\t\t<div class=\"elementor-element elementor-element-2404d93 elementor-widget elementor-widget-text-editor\" data-id=\"2404d93\" data-element_type=\"widget\" data-widget_type=\"text-editor.default\">\n\t\t\t\t<div class=\"elementor-widget-container\">\n\t\t\t\t\t\t\t\t\t<section>Discover the <strong>rates of our g\u00eetes in Carnac<\/strong>, available for weekly rental in Southern Brittany. \u00c0 Fleur de P\u00f4 offers you a selection of fully equipped accommodations for a relaxing stay.\n\nOur <strong>g\u00eete rentals<\/strong> are available all year round, with <strong>rates varying depending on the season<\/strong>. Check our online calendar to verify availability and real-time pricing.\n<ul>\n \t<li><strong>Booking<\/strong>: 30% deposit to confirm your reservation<\/li>\n \t<li><strong>Balance<\/strong>: to be paid upon arrival<\/li>\n \t<li><strong>Tourist tax<\/strong>: \u20ac0.90 per adult per night<\/li>\n \t<li><strong>Check-in<\/strong>: from 6 PM, <strong>Check-out<\/strong>: before 10 AM<\/li>\n<\/ul>\nOur g\u00eetes offer excellent value for money for your holiday in Brittany. For more information on <strong>g\u00eete rental rates<\/strong>, please visit our booking page.\n<\/section>\n\t\t\t\t\t\t\t\t<\/div>\n\t\t\t\t<\/div>\n\t\t\t\t<div class=\"elementor-element elementor-element-768bee3 elementor-widget elementor-widget-text-editor\" data-id=\"768bee3\" data-element_type=\"widget\" data-widget_type=\"text-editor.default\">\n\t\t\t\t<div class=\"elementor-widget-container\">\n\t\t\t\t\t\t\t\t\t<p>If you have a specific request or can&#8217;t find an answer to a question, don&#8217;t hesitate to call me, you&#8217;re welcome.<\/p><p><a class=\"elementor-button elementor-button-link elementor-size-sm elementor-animation-grow\" href=\"tel:06%2051%2055%2024%2052\"><span class=\"elementor-button-content-wrapper\"><span class=\"elementor-button-text\">Whatsapp : 06 51 55 24 52<\/span><\/span><\/a><\/p>\t\t\t\t\t\t\t\t<\/div>\n\t\t\t\t<\/div>\n\t\t\t\t<div class=\"elementor-element elementor-element-6cdaaa5 elementor-widget elementor-widget-text-editor\" data-id=\"6cdaaa5\" data-element_type=\"widget\" data-widget_type=\"text-editor.default\">\n\t\t\t\t<div class=\"elementor-widget-container\">\n\t\t\t\t\t\t\t\t\t<h3>Book Directly: Best Prices Guaranteed and more Availability (\u20ac ONLY)\u00a0<\/h3>\t\t\t\t\t\t\t\t<\/div>\n\t\t\t\t<\/div>\n\t\t\t\t<div class=\"elementor-element elementor-element-ced9a48 elementor-widget elementor-widget-text-editor\" data-id=\"ced9a48\" data-element_type=\"widget\" data-widget_type=\"text-editor.default\">\n\t\t\t\t<div class=\"elementor-widget-container\">\n\t\t\t\t\t\t\t\t\t<style>\n.pricing-table {\n  width: 100%;\n  border-collapse: collapse;\n  font-family: sans-serif;\n  font-size: 16px;\n}\n\n.pricing-table thead th,\n.pricing-table tbody td {\n  border: 1px solid #ddd;\n  padding: 10px;\n  text-align: center;\n  vertical-align: top;\n}\n\n.pricing-table thead th {\n  background-color: #f9f9f9;\n  font-weight: bold;\n}\n\n.pricing-table tbody tr.season-row td {\n  background-color: #f0f0f0;\n  font-weight: bold;\n  text-align: left;\n}\n\n@media (max-width: 768px) {\n  .pricing-table,\n  .pricing-table thead,\n  .pricing-table tbody,\n  .pricing-table th,\n  .pricing-table td,\n  .pricing-table tr {\n    display: block;\n    width: 100%;\n  }\n\n  .pricing-table thead {\n    display: none;\n  }\n\n  .pricing-table tbody tr {\n    margin-bottom: 20px;\n    border: 1px solid #ddd;\n    background: #fff;\n  }\n\n  .pricing-table tbody td {\n    border: none;\n    border-bottom: 1px solid #ddd;\n    position: relative;\n    padding-left: 50%;\n    text-align: left;\n    word-wrap: break-word;\n    word-break: break-word;\n    white-space: normal;\n    min-height: 44px;\n  }\n\n  .pricing-table tbody td::before {\n    content: attr(data-label);\n    position: absolute;\n    left: 10px;\n    top: 10px;\n    font-weight: bold;\n    white-space: nowrap;\n    width: 45%;\n    display: inline-block;\n  }\n\n  .pricing-table tbody tr.season-row {\n    background-color: #ddd;\n    font-weight: bold;\n    text-align: center;\n    padding: 10px 0;\n  }\n\n  .pricing-table tbody tr.season-row td {\n    text-align: center;\n    padding: 10px;\n    background: #ddd;\n    font-weight: bold;\n    display: block;\n  }\n\n  \/* Forc\u00e9 pour col container trop long *\/\n  .pricing-table tbody td[data-label=\"Le Chantier, Bateau, l\u2019Atelier\"] {\n    padding-top: 32px;\n  }\n}\n<\/style>\n\n\n<table class=\"pricing-table\">\n<thead>\n<tr>\n<th>Period<\/th>\n<th>Dates<\/th>\n<th>The Workshop, Boat, Studio<\/th>\n<th>The Cabin<\/th>\n<th>Port and Starboard<\/th>\n<\/tr>\n<\/thead>\n<tbody>\n<tr class=\"season-row\">\n<td colspan=\"5\">LOW SEASON: January to March \/ November and December (excluding school holidays and public holidays)<\/td>\n<\/tr>\n<tr>\n<td data-label=\"P\u00e9riode\">Week<\/td>\n<td data-label=\"Dates\">Saturday to Saturday<\/td>\n<td data-label=\"Le Chantier, Bateau, l\u2019Atelier\">$650.00<\/td>\n<td data-label=\"La Cabane\">$600.00<\/td>\n<td data-label=\"Babord et Tribord\">XXX<\/td>\n<\/tr>\n<tr class=\"season-row\">\n<td colspan=\"5\">MID-SEASON: April to June \/ September and October \/ school holidays<\/td>\n<\/tr>\n<tr>\n<td data-label=\"P\u00e9riode\">Week<\/td>\n<td data-label=\"Dates\">Saturday to Saturday<\/td>\n<td data-label=\"Le Chantier, Bateau, l\u2019Atelier\">$825.00<\/td>\n<td data-label=\"La Cabane\">$725.00<\/td>\n<td data-label=\"Babord et Tribord\">$600.00<\/td>\n<\/tr>\n<tr class=\"season-row\">\n<td colspan=\"5\">HIGH SEASON: July \/ August holidays<\/td>\n<\/tr>\n<tr>\n<td data-label=\"P\u00e9riode\">Week<\/td>\n<td data-label=\"Dates\">Saturday to Saturday<\/td>\n<td data-label=\"Le Chantier, Bateau, l\u2019Atelier\">$1350.00<\/td>\n<td data-label=\"La Cabane\">$1250.00<\/td>\n<td data-label=\"Babord et Tribord\">$1050.00<\/td>\n<\/tr>\n<tr class=\"season-row\">\n<td colspan=\"5\">EXTRAS<\/td>\n<\/tr>\n<tr>\n<td data-label=\"P\u00e9riode\">Pet picture (1)<\/td>\n<td data-label=\"Dates\"><\/td>\n<td data-label=\"Le Chantier, Bateau, l\u2019Atelier\">$50.00 (The Workshop)<\/td>\n<td data-label=\"La Cabane\">&#8211;<\/td>\n<td data-label=\"Babord et Tribord\">$50.00 (Starboard)<\/td>\n<\/tr>\n<tr>\n<td data-label=\"P\u00e9riode\">Final editing<\/td>\n<td data-label=\"Dates\"><\/td>\n<td data-label=\"Le Chantier, Bateau, l\u2019Atelier\">included<\/td>\n<td data-label=\"La Cabane\">included<\/td>\n<td data-label=\"Babord et Tribord\">included<\/td>\n<\/tr>\n<\/tbody>\n<\/table>\n\t\t\t\t\t\t\t\t<\/div>\n\t\t\t\t<\/div>\n\t\t\t\t\t<\/div>\n\t\t<\/div>\n\t\t\t\t\t<\/div>\n\t\t<\/section>\n\t\t\t\t<section class=\"elementor-section elementor-top-section elementor-element elementor-element-09d3571 elementor-section-boxed elementor-section-height-default elementor-section-height-default\" data-id=\"09d3571\" data-element_type=\"section\">\n\t\t\t\t\t\t<div class=\"elementor-container elementor-column-gap-default\">\n\t\t\t\t\t<div class=\"elementor-column elementor-col-100 elementor-top-column elementor-element elementor-element-9c60cbb\" data-id=\"9c60cbb\" data-element_type=\"column\">\n\t\t\t<div class=\"elementor-widget-wrap elementor-element-populated\">\n\t\t\t\t\t\t<section class=\"elementor-section elementor-inner-section elementor-element elementor-element-b7ea9ae elementor-reverse-mobile elementor-section-boxed elementor-section-height-default elementor-section-height-default\" data-id=\"b7ea9ae\" data-element_type=\"section\">\n\t\t\t\t\t\t<div class=\"elementor-container elementor-column-gap-default\">\n\t\t\t\t\t<div class=\"elementor-column elementor-col-50 elementor-inner-column elementor-element elementor-element-181926b\" data-id=\"181926b\" data-element_type=\"column\" data-settings=\"{&quot;background_background&quot;:&quot;classic&quot;}\">\n\t\t\t<div class=\"elementor-widget-wrap elementor-element-populated\">\n\t\t\t\t\t\t<div class=\"elementor-element elementor-element-e51a2e9 elementor-view-default elementor-widget elementor-widget-icon\" data-id=\"e51a2e9\" data-element_type=\"widget\" data-widget_type=\"icon.default\">\n\t\t\t\t<div class=\"elementor-widget-container\">\n\t\t\t\t\t\t\t<div class=\"elementor-icon-wrapper\">\n\t\t\t<div class=\"elementor-icon\">\n\t\t\t<i aria-hidden=\"true\" class=\"jki jki-phone-volume-solid\"><\/i>\t\t\t<\/div>\n\t\t<\/div>\n\t\t\t\t\t\t<\/div>\n\t\t\t\t<\/div>\n\t\t\t\t<div class=\"elementor-element elementor-element-021d1ff elementor-widget elementor-widget-heading\" data-id=\"021d1ff\" data-element_type=\"widget\" data-widget_type=\"heading.default\">\n\t\t\t\t<div class=\"elementor-widget-container\">\n\t\t\t\t\t<h3 class=\"elementor-heading-title elementor-size-default\"><a href=\"tel:0651552452\">06.51.55.24.52<\/a><\/h3>\t\t\t\t<\/div>\n\t\t\t\t<\/div>\n\t\t\t\t<div class=\"elementor-element elementor-element-5b22377 elementor-widget elementor-widget-button\" data-id=\"5b22377\" data-element_type=\"widget\" data-widget_type=\"button.default\">\n\t\t\t\t<div class=\"elementor-widget-container\">\n\t\t\t\t\t\t\t\t\t<div class=\"elementor-button-wrapper\">\n\t\t\t\t\t<a class=\"elementor-button elementor-button-link elementor-size-sm elementor-animation-grow\" href=\"tel:0651552452\">\n\t\t\t\t\t\t<span class=\"elementor-button-content-wrapper\">\n\t\t\t\t\t\t<span class=\"elementor-button-icon\">\n\t\t\t\t<i aria-hidden=\"true\" class=\"jki jki-phone-call-light\"><\/i>\t\t\t<\/span>\n\t\t\t\t\t\t\t\t\t<span class=\"elementor-button-text\">Call<\/span>\n\t\t\t\t\t<\/span>\n\t\t\t\t\t<\/a>\n\t\t\t\t<\/div>\n\t\t\t\t\t\t\t\t<\/div>\n\t\t\t\t<\/div>\n\t\t\t\t<div class=\"elementor-element elementor-element-b65e1dd elementor-widget elementor-widget-google_maps\" data-id=\"b65e1dd\" data-element_type=\"widget\" data-widget_type=\"google_maps.default\">\n\t\t\t\t<div class=\"elementor-widget-container\">\n\t\t\t\t\t\t\t<div class=\"elementor-custom-embed\">\n\t\t\t<iframe loading=\"lazy\"\n\t\t\t\t\tsrc=\"https:\/\/maps.google.com\/maps?q=gites%20a%20fleur%20de%20po&#038;t=m&#038;z=12&#038;output=embed&#038;iwloc=near\"\n\t\t\t\t\ttitle=\"gites a fleur de po\"\n\t\t\t\t\taria-label=\"gites a fleur de po\"\n\t\t\t><\/iframe>\n\t\t<\/div>\n\t\t\t\t\t\t<\/div>\n\t\t\t\t<\/div>\n\t\t\t\t\t<\/div>\n\t\t<\/div>\n\t\t\t\t<div class=\"elementor-column elementor-col-50 elementor-inner-column elementor-element elementor-element-ac9efe8\" data-id=\"ac9efe8\" data-element_type=\"column\" data-settings=\"{&quot;background_background&quot;:&quot;classic&quot;}\">\n\t\t\t<div class=\"elementor-widget-wrap elementor-element-populated\">\n\t\t\t\t\t\t<div class=\"elementor-element elementor-element-80aa4f3 elementor-widget elementor-widget-elementskit-heading\" data-id=\"80aa4f3\" data-element_type=\"widget\" data-widget_type=\"elementskit-heading.default\">\n\t\t\t\t<div class=\"elementor-widget-container\">\n\t\t\t\t\t<div class=\"ekit-wid-con\" ><div class=\"ekit-heading elementskit-section-title-wraper text_left   ekit_heading_tablet-text_left   ekit_heading_mobile-text_center\"><h2 class=\"ekit-heading--title elementskit-section-title \">Contact Form<\/h2><\/div><\/div>\t\t\t\t<\/div>\n\t\t\t\t<\/div>\n\t\t\t\t<div class=\"elementor-element elementor-element-7edc4ea elementor-widget elementor-widget-jkit_contact_form_7\" data-id=\"7edc4ea\" data-element_type=\"widget\" data-widget_type=\"jkit_contact_form_7.default\">\n\t\t\t\t<div class=\"elementor-widget-container\">\n\t\t\t\t\t<div  class=\"jeg-elementor-kit jkit-contact-form-7 jeg_module___69f1b688f1069\" >\n<div class=\"wpcf7 no-js\" id=\"wpcf7-f4811-o1\" lang=\"fr-FR\" dir=\"ltr\" data-wpcf7-id=\"4811\">\n<div class=\"screen-reader-response\"><p role=\"status\" aria-live=\"polite\" aria-atomic=\"true\"><\/p> <ul><\/ul><\/div>\n<form action=\"\/en\/wp-json\/wp\/v2\/pages\/4817#wpcf7-f4811-o1\" method=\"post\" class=\"wpcf7-form init\" aria-label=\"Formulaire de contact\" novalidate=\"novalidate\" data-status=\"init\">\n<fieldset class=\"hidden-fields-container\"><input type=\"hidden\" name=\"_wpcf7\" value=\"4811\" \/><input type=\"hidden\" name=\"_wpcf7_version\" value=\"6.1\" \/><input type=\"hidden\" name=\"_wpcf7_locale\" value=\"fr_FR\" \/><input type=\"hidden\" name=\"_wpcf7_unit_tag\" value=\"wpcf7-f4811-o1\" \/><input type=\"hidden\" name=\"_wpcf7_container_post\" value=\"0\" \/><input type=\"hidden\" name=\"_wpcf7_posted_data_hash\" value=\"\" \/><input type=\"hidden\" name=\"_wpcf7_recaptcha_response\" value=\"\" \/>\n<\/fieldset>\n<p><label>Your Name<br \/>\n<span class=\"wpcf7-form-control-wrap\" data-name=\"your-name\"><input size=\"40\" maxlength=\"400\" class=\"wpcf7-form-control wpcf7-text wpcf7-validates-as-required\" autocomplete=\"name\" aria-required=\"true\" aria-invalid=\"false\" value=\"\" type=\"text\" name=\"your-name\" \/><\/span><\/label>\n<\/p>\n<p><label>Your Email<br \/>\n<span class=\"wpcf7-form-control-wrap\" data-name=\"your-email\"><input size=\"40\" maxlength=\"400\" class=\"wpcf7-form-control wpcf7-email wpcf7-validates-as-required wpcf7-text wpcf7-validates-as-email\" autocomplete=\"email\" aria-required=\"true\" aria-invalid=\"false\" value=\"\" type=\"email\" name=\"your-email\" \/><\/span><\/label>\n<\/p>\n<p><label>Your Phone<br \/>\n<span class=\"wpcf7-form-control-wrap\" data-name=\"your-phone\"><input size=\"40\" maxlength=\"400\" class=\"wpcf7-form-control wpcf7-tel wpcf7-validates-as-required wpcf7-text wpcf7-validates-as-tel\" autocomplete=\"tel\" aria-required=\"true\" aria-invalid=\"false\" value=\"\" type=\"tel\" name=\"your-phone\" \/><\/span><\/label>\n<\/p>\n<p><label>Subject<br \/>\n<span class=\"wpcf7-form-control-wrap\" data-name=\"your-subject\"><input size=\"40\" maxlength=\"400\" class=\"wpcf7-form-control wpcf7-text wpcf7-validates-as-required\" aria-required=\"true\" aria-invalid=\"false\" value=\"\" type=\"text\" name=\"your-subject\" \/><\/span><\/label>\n<\/p>\n<p><label>Your Request (dates, number of guests, details...)<br \/>\n<span class=\"wpcf7-form-control-wrap\" data-name=\"your-message\"><textarea cols=\"40\" rows=\"10\" maxlength=\"2000\" class=\"wpcf7-form-control wpcf7-textarea\" aria-invalid=\"false\" name=\"your-message\"><\/textarea><\/span><\/label>\n<\/p>\n<p><input class=\"wpcf7-form-control wpcf7-submit has-spinner\" type=\"submit\" value=\"Send my request\" \/>\n<\/p><p style=\"display: none !important;\" class=\"akismet-fields-container\" data-prefix=\"_wpcf7_ak_\"><label>&#916;<textarea name=\"_wpcf7_ak_hp_textarea\" cols=\"45\" rows=\"8\" maxlength=\"100\"><\/textarea><\/label><input type=\"hidden\" id=\"ak_js_1\" name=\"_wpcf7_ak_js\" value=\"107\"\/><script>document.getElementById( \"ak_js_1\" ).setAttribute( \"value\", ( new Date() ).getTime() );<\/script><\/p><div class=\"wpcf7-response-output\" aria-hidden=\"true\"><\/div>\n<\/form>\n<\/div>\n<\/div>\t\t\t\t<\/div>\n\t\t\t\t<\/div>\n\t\t\t\t\t<\/div>\n\t\t<\/div>\n\t\t\t\t\t<\/div>\n\t\t<\/section>\n\t\t\t\t\t<\/div>\n\t\t<\/div>\n\t\t\t\t\t<\/div>\n\t\t<\/section>\n\t\t\t\t<\/div>\n\t\t","protected":false},"excerpt":{"rendered":"<p>Accommodation Rates and Booking Information Prices and availability of our G\u00eetes Book your G\u00eetes directly Discover the rates of our g\u00eetes in Carnac, available for weekly rental in Southern Brittany. \u00c0 Fleur de P\u00f4 offers you a selection of fully equipped accommodations for a relaxing stay. Our g\u00eete rentals are available all year round, with [&hellip;]<\/p>\n","protected":false},"author":1,"featured_media":0,"parent":0,"menu_order":0,"comment_status":"closed","ping_status":"closed","template":"elementor_header_footer","meta":{"footnotes":""},"class_list":["post-4817","page","type-page","status-publish","hentry"],"yoast_head":"<!-- This site is optimized with the Yoast SEO plugin v25.3 - https:\/\/yoast.com\/wordpress\/plugins\/seo\/ -->\n<title>Rates and availability - G\u00eetes \u00e0 Carnac : \u00c0 Fleur de P\u00f4<\/title>\n<meta name=\"robots\" content=\"index, follow, max-snippet:-1, max-image-preview:large, max-video-preview:-1\" \/>\n<link rel=\"canonical\" href=\"https:\/\/gite-afleurdepo.fr\/en\/prices\/\" \/>\n<meta property=\"og:locale\" content=\"en_US\" \/>\n<meta property=\"og:type\" content=\"article\" \/>\n<meta property=\"og:title\" content=\"Rates and availability - G\u00eetes \u00e0 Carnac : \u00c0 Fleur de P\u00f4\" \/>\n<meta property=\"og:description\" content=\"Accommodation Rates and Booking Information Prices and availability of our G\u00eetes Book your G\u00eetes directly Discover the rates of our g\u00eetes in Carnac, available for weekly rental in Southern Brittany. \u00c0 Fleur de P\u00f4 offers you a selection of fully equipped accommodations for a relaxing stay. Our g\u00eete rentals are available all year round, with [&hellip;]\" \/>\n<meta property=\"og:url\" content=\"https:\/\/gite-afleurdepo.fr\/en\/prices\/\" \/>\n<meta property=\"og:site_name\" content=\"G\u00eetes \u00e0 Carnac : \u00c0 Fleur de P\u00f4\" \/>\n<meta property=\"article:modified_time\" content=\"2025-06-14T16:06:13+00:00\" \/>\n<meta property=\"og:image\" content=\"https:\/\/gite-afleurdepo.fr\/wp-content\/uploads\/2025\/06\/gites-a-fleur-de-PO-bretagne-Carnac-Quiberon-1.jpeg\" \/>\n\t<meta property=\"og:image:width\" content=\"1280\" \/>\n\t<meta property=\"og:image:height\" content=\"853\" \/>\n\t<meta property=\"og:image:type\" content=\"image\/jpeg\" \/>\n<meta name=\"twitter:card\" content=\"summary_large_image\" \/>\n<meta name=\"twitter:label1\" content=\"Est. reading time\" \/>\n\t<meta name=\"twitter:data1\" content=\"2 minutes\" \/>\n<script type=\"application\/ld+json\" class=\"yoast-schema-graph\">{\"@context\":\"https:\/\/schema.org\",\"@graph\":[{\"@type\":\"WebPage\",\"@id\":\"https:\/\/gite-afleurdepo.fr\/en\/prices\/\",\"url\":\"https:\/\/gite-afleurdepo.fr\/en\/prices\/\",\"name\":\"Rates and availability - G\u00eetes \u00e0 Carnac : \u00c0 Fleur de P\u00f4\",\"isPartOf\":{\"@id\":\"https:\/\/gite-afleurdepo.fr\/en\/#website\"},\"datePublished\":\"2025-06-10T17:08:32+00:00\",\"dateModified\":\"2025-06-14T16:06:13+00:00\",\"breadcrumb\":{\"@id\":\"https:\/\/gite-afleurdepo.fr\/en\/prices\/#breadcrumb\"},\"inLanguage\":\"en-US\",\"potentialAction\":[{\"@type\":\"ReadAction\",\"target\":[\"https:\/\/gite-afleurdepo.fr\/en\/prices\/\"]}]},{\"@type\":\"BreadcrumbList\",\"@id\":\"https:\/\/gite-afleurdepo.fr\/en\/prices\/#breadcrumb\",\"itemListElement\":[{\"@type\":\"ListItem\",\"position\":1,\"name\":\"Accueil\",\"item\":\"https:\/\/gite-afleurdepo.fr\/en\/\"},{\"@type\":\"ListItem\",\"position\":2,\"name\":\"Rates and availability\"}]},{\"@type\":\"WebSite\",\"@id\":\"https:\/\/gite-afleurdepo.fr\/en\/#website\",\"url\":\"https:\/\/gite-afleurdepo.fr\/en\/\",\"name\":\"G\u00eetes \u00e0 Carnac : A Fleur De Po\",\"description\":\"Location Carnac vue mer\",\"publisher\":{\"@id\":\"https:\/\/gite-afleurdepo.fr\/en\/#organization\"},\"potentialAction\":[{\"@type\":\"SearchAction\",\"target\":{\"@type\":\"EntryPoint\",\"urlTemplate\":\"https:\/\/gite-afleurdepo.fr\/en\/?s={search_term_string}\"},\"query-input\":{\"@type\":\"PropertyValueSpecification\",\"valueRequired\":true,\"valueName\":\"search_term_string\"}}],\"inLanguage\":\"en-US\"},{\"@type\":\"Organization\",\"@id\":\"https:\/\/gite-afleurdepo.fr\/en\/#organization\",\"name\":\"A Fleur De Po\",\"url\":\"https:\/\/gite-afleurdepo.fr\/en\/\",\"logo\":{\"@type\":\"ImageObject\",\"inLanguage\":\"en-US\",\"@id\":\"https:\/\/gite-afleurdepo.fr\/en\/#\/schema\/logo\/image\/\",\"url\":\"https:\/\/gite-afleurdepo.fr\/wp-content\/uploads\/2025\/05\/fleur-de-po-logo.png\",\"contentUrl\":\"https:\/\/gite-afleurdepo.fr\/wp-content\/uploads\/2025\/05\/fleur-de-po-logo.png\",\"width\":1024,\"height\":1024,\"caption\":\"A Fleur De Po\"},\"image\":{\"@id\":\"https:\/\/gite-afleurdepo.fr\/en\/#\/schema\/logo\/image\/\"}}]}<\/script>\n<!-- \/ Yoast SEO plugin. -->","yoast_head_json":{"title":"Rates and availability - G\u00eetes \u00e0 Carnac : \u00c0 Fleur de P\u00f4","robots":{"index":"index","follow":"follow","max-snippet":"max-snippet:-1","max-image-preview":"max-image-preview:large","max-video-preview":"max-video-preview:-1"},"canonical":"https:\/\/gite-afleurdepo.fr\/en\/prices\/","og_locale":"en_US","og_type":"article","og_title":"Rates and availability - G\u00eetes \u00e0 Carnac : \u00c0 Fleur de P\u00f4","og_description":"Accommodation Rates and Booking Information Prices and availability of our G\u00eetes Book your G\u00eetes directly Discover the rates of our g\u00eetes in Carnac, available for weekly rental in Southern Brittany. \u00c0 Fleur de P\u00f4 offers you a selection of fully equipped accommodations for a relaxing stay. Our g\u00eete rentals are available all year round, with [&hellip;]","og_url":"https:\/\/gite-afleurdepo.fr\/en\/prices\/","og_site_name":"G\u00eetes \u00e0 Carnac : \u00c0 Fleur de P\u00f4","article_modified_time":"2025-06-14T16:06:13+00:00","og_image":[{"width":1280,"height":853,"url":"https:\/\/gite-afleurdepo.fr\/wp-content\/uploads\/2025\/06\/gites-a-fleur-de-PO-bretagne-Carnac-Quiberon-1.jpeg","type":"image\/jpeg"}],"twitter_card":"summary_large_image","twitter_misc":{"Est. reading time":"2 minutes"},"schema":{"@context":"https:\/\/schema.org","@graph":[{"@type":"WebPage","@id":"https:\/\/gite-afleurdepo.fr\/en\/prices\/","url":"https:\/\/gite-afleurdepo.fr\/en\/prices\/","name":"Rates and availability - G\u00eetes \u00e0 Carnac : \u00c0 Fleur de P\u00f4","isPartOf":{"@id":"https:\/\/gite-afleurdepo.fr\/en\/#website"},"datePublished":"2025-06-10T17:08:32+00:00","dateModified":"2025-06-14T16:06:13+00:00","breadcrumb":{"@id":"https:\/\/gite-afleurdepo.fr\/en\/prices\/#breadcrumb"},"inLanguage":"en-US","potentialAction":[{"@type":"ReadAction","target":["https:\/\/gite-afleurdepo.fr\/en\/prices\/"]}]},{"@type":"BreadcrumbList","@id":"https:\/\/gite-afleurdepo.fr\/en\/prices\/#breadcrumb","itemListElement":[{"@type":"ListItem","position":1,"name":"Accueil","item":"https:\/\/gite-afleurdepo.fr\/en\/"},{"@type":"ListItem","position":2,"name":"Rates and availability"}]},{"@type":"WebSite","@id":"https:\/\/gite-afleurdepo.fr\/en\/#website","url":"https:\/\/gite-afleurdepo.fr\/en\/","name":"G\u00eetes \u00e0 Carnac : A Fleur De Po","description":"Location Carnac vue mer","publisher":{"@id":"https:\/\/gite-afleurdepo.fr\/en\/#organization"},"potentialAction":[{"@type":"SearchAction","target":{"@type":"EntryPoint","urlTemplate":"https:\/\/gite-afleurdepo.fr\/en\/?s={search_term_string}"},"query-input":{"@type":"PropertyValueSpecification","valueRequired":true,"valueName":"search_term_string"}}],"inLanguage":"en-US"},{"@type":"Organization","@id":"https:\/\/gite-afleurdepo.fr\/en\/#organization","name":"A Fleur De Po","url":"https:\/\/gite-afleurdepo.fr\/en\/","logo":{"@type":"ImageObject","inLanguage":"en-US","@id":"https:\/\/gite-afleurdepo.fr\/en\/#\/schema\/logo\/image\/","url":"https:\/\/gite-afleurdepo.fr\/wp-content\/uploads\/2025\/05\/fleur-de-po-logo.png","contentUrl":"https:\/\/gite-afleurdepo.fr\/wp-content\/uploads\/2025\/05\/fleur-de-po-logo.png","width":1024,"height":1024,"caption":"A Fleur De Po"},"image":{"@id":"https:\/\/gite-afleurdepo.fr\/en\/#\/schema\/logo\/image\/"}}]}},"_links":{"self":[{"href":"https:\/\/gite-afleurdepo.fr\/en\/wp-json\/wp\/v2\/pages\/4817","targetHints":{"allow":["GET"]}}],"collection":[{"href":"https:\/\/gite-afleurdepo.fr\/en\/wp-json\/wp\/v2\/pages"}],"about":[{"href":"https:\/\/gite-afleurdepo.fr\/en\/wp-json\/wp\/v2\/types\/page"}],"author":[{"embeddable":true,"href":"https:\/\/gite-afleurdepo.fr\/en\/wp-json\/wp\/v2\/users\/1"}],"replies":[{"embeddable":true,"href":"https:\/\/gite-afleurdepo.fr\/en\/wp-json\/wp\/v2\/comments?post=4817"}],"version-history":[{"count":5,"href":"https:\/\/gite-afleurdepo.fr\/en\/wp-json\/wp\/v2\/pages\/4817\/revisions"}],"predecessor-version":[{"id":4822,"href":"https:\/\/gite-afleurdepo.fr\/en\/wp-json\/wp\/v2\/pages\/4817\/revisions\/4822"}],"wp:attachment":[{"href":"https:\/\/gite-afleurdepo.fr\/en\/wp-json\/wp\/v2\/media?parent=4817"}],"curies":[{"name":"wp","href":"https:\/\/api.w.org\/{rel}","templated":true}]}}